{"id":1521,"date":"2026-03-25T15:41:33","date_gmt":"2026-03-25T15:41:33","guid":{"rendered":"https:\/\/www.zuhause-in-wersten.de\/?page_id=1521"},"modified":"2026-03-26T16:18:24","modified_gmt":"2026-03-26T16:18:24","slug":"qpav","status":"publish","type":"page","link":"https:\/\/www.zuhause-in-wersten.de\/index.php\/qpav\/","title":{"rendered":"Quartierspavillon"},"content":{"rendered":"<section class=\"l-section wpb_row height_auto width_full\"><div class=\"l-section-h i-cf\"><div class=\"g-cols vc_row via_flex valign_top type_default stacking_default\"><div class=\"vc_col-sm-12 wpb_column vc_column_container\"><div class=\"vc_column-inner\"><div class=\"wpb_wrapper\"><div class=\"w-slider style_none fit_cover nav_none has_ratio count_3\" style=\"--aspect-ratio: 20\/5;\"><div class=\"w-slider-h\" aria-hidden=\"true\"><div class=\"royalSlider\"><div class=\"rsContent\"><a class=\"rsImg\" data-rsw=\"1600\" data-rsh=\"900\" href=\"https:\/\/www.zuhause-in-wersten.de\/wp-content\/uploads\/2024\/11\/01_241118_nurFarbSkiz-web1600.jpg\"><span data-alt=\"\"><\/span><\/a><\/div><div class=\"rsContent\"><a class=\"rsImg\" data-rsw=\"1600\" data-rsh=\"1200\" href=\"https:\/\/www.zuhause-in-wersten.de\/wp-content\/uploads\/2026\/01\/251212_Ideenzettel.jpg\"><span data-alt=\"\"><\/span><\/a><\/div><div class=\"rsContent\"><a class=\"rsImg\" data-rsw=\"1600\" data-rsh=\"1200\" href=\"https:\/\/www.zuhause-in-wersten.de\/wp-content\/uploads\/2025\/03\/250708_Be-5-web.jpg\"><span data-alt=\"\"><\/span><\/a><\/div><\/div><img decoding=\"async\" src=\"https:\/\/www.zuhause-in-wersten.de\/wp-content\/uploads\/2024\/11\/01_241118_nurFarbSkiz-web1600.jpg\" width=\"1600\" height=\"900\" alt loading=\"lazy\"><\/div><div class=\"w-slider-json\" onclick='return {&quot;autoScaleSlider&quot;:false,&quot;addActiveClass&quot;:true,&quot;loop&quot;:true,&quot;fadeInLoadedSlide&quot;:false,&quot;slidesSpacing&quot;:0,&quot;imageScalePadding&quot;:0,&quot;numImagesToPreload&quot;:2,&quot;arrowsNav&quot;:true,&quot;arrowsNavAutoHide&quot;:false,&quot;transitionType&quot;:&quot;move&quot;,&quot;transitionSpeed&quot;:250,&quot;block&quot;:{&quot;moveEffect&quot;:&quot;none&quot;,&quot;speed&quot;:300},&quot;thumbs&quot;:{&quot;fitInViewport&quot;:false,&quot;firstMargin&quot;:false,&quot;spacing&quot;:4},&quot;controlNavigation&quot;:&quot;none&quot;,&quot;autoplay&quot;:{&quot;enabled&quot;:true,&quot;pauseOnHover&quot;:true,&quot;delay&quot;:3000}}'><\/div><\/div><\/div><\/div><\/div><\/div><\/div><\/section><section class=\"l-section wpb_row height_medium\"><div class=\"l-section-h i-cf\"><div class=\"g-cols vc_row via_flex valign_top type_default stacking_default\"><div class=\"vc_col-sm-12 wpb_column vc_column_container\"><div class=\"vc_column-inner\"><div class=\"wpb_wrapper\"><div class=\"w-grid us_post_list type_masonry layout_blog_1 cols_3 preload_style_spinner with_isotope\" id=\"us_post_list_t557\" style=\"--columns:3;--gap:1.5rem;\"><style>@media (max-width:1024px){#us_post_list_t557{--columns:2!important}}@media (max-width:600px){#us_post_list_t557{--columns:1!important}}.layout_blog_1 .w-grid-item-h{}.layout_blog_1 .usg_post_image_1{margin-bottom:0.5rem!important}.layout_blog_1 .usg_post_title_1{font-size:1rem!important}<\/style><div class=\"w-grid-list\">\t<article class=\"w-grid-item size_1x1 post-1512 us_portfolio type-us_portfolio status-publish has-post-thumbnail hentry us_portfolio_category-projekte us_portfolio_category-quartierspavillon\" data-id=\"1512\">\r\n\t\t<div class=\"w-grid-item-h\">\r\n\t\t\t\t\t\t<div class=\"w-post-elm post_image usg_post_image_1 stretched\"><a href=\"https:\/\/www.zuhause-in-wersten.de\/index.php\/portfolio\/indoor-flohmarkt-im-quartierspavillon\/\" aria-label=\"Flohmarkt am QuartiersPavillon (Indoor-Flohmarkt)\"><img loading=\"lazy\" decoding=\"async\" width=\"1000\" height=\"1000\" src=\"https:\/\/www.zuhause-in-wersten.de\/wp-content\/uploads\/2026\/03\/260327_-19-Li-bearb-web-1024x1024.jpg\" class=\"attachment-large size-large wp-post-image\" alt=\"\" srcset=\"https:\/\/www.zuhause-in-wersten.de\/wp-content\/uploads\/2026\/03\/260327_-19-Li-bearb-web-1024x1024.jpg 1024w, https:\/\/www.zuhause-in-wersten.de\/wp-content\/uploads\/2026\/03\/260327_-19-Li-bearb-web-300x300.jpg 300w, https:\/\/www.zuhause-in-wersten.de\/wp-content\/uploads\/2026\/03\/260327_-19-Li-bearb-web-150x150.jpg 150w\" sizes=\"auto, (max-width: 1000px) 100vw, 1000px\" \/><\/a><\/div><h2 class=\"w-post-elm post_title usg_post_title_1 entry-title color_link_inherit\"><a href=\"https:\/\/www.zuhause-in-wersten.de\/index.php\/portfolio\/indoor-flohmarkt-im-quartierspavillon\/\">Flohmarkt am QuartiersPavillon (Indoor-Flohmarkt)<\/a><\/h2>\t\t<\/div>\r\n\t\t\t<\/article>\r\n\t<article class=\"w-grid-item size_1x1 post-741 us_portfolio type-us_portfolio status-publish has-post-thumbnail hentry us_portfolio_category-projekte us_portfolio_category-quartierspavillon\" data-id=\"741\">\r\n\t\t<div class=\"w-grid-item-h\">\r\n\t\t\t\t\t\t<div class=\"w-post-elm post_image usg_post_image_1 stretched\"><a href=\"https:\/\/www.zuhause-in-wersten.de\/index.php\/portfolio\/ideen-fuer-die-immigrather-strasse\/\" aria-label=\"&#8218;Dritter Ort&#8216;: QuartiersPavillon Immigrather Stra\u00dfe\"><img loading=\"lazy\" decoding=\"async\" width=\"796\" height=\"1024\" src=\"https:\/\/www.zuhause-in-wersten.de\/wp-content\/uploads\/2025\/05\/250610_Status-Txt-neu-bearb-web-796x1024.jpg\" class=\"attachment-large size-large wp-post-image\" alt=\"\" srcset=\"https:\/\/www.zuhause-in-wersten.de\/wp-content\/uploads\/2025\/05\/250610_Status-Txt-neu-bearb-web-796x1024.jpg 796w, https:\/\/www.zuhause-in-wersten.de\/wp-content\/uploads\/2025\/05\/250610_Status-Txt-neu-bearb-web-233x300.jpg 233w, https:\/\/www.zuhause-in-wersten.de\/wp-content\/uploads\/2025\/05\/250610_Status-Txt-neu-bearb-web.jpg 1800w\" sizes=\"auto, (max-width: 796px) 100vw, 796px\" \/><\/a><\/div><h2 class=\"w-post-elm post_title usg_post_title_1 entry-title color_link_inherit\"><a href=\"https:\/\/www.zuhause-in-wersten.de\/index.php\/portfolio\/ideen-fuer-die-immigrather-strasse\/\">&#8218;Dritter Ort&#8216;: QuartiersPavillon Immigrather Stra\u00dfe<\/a><\/h2>\t\t<\/div>\r\n\t\t\t<\/article>\r\n\t<article class=\"w-grid-item size_1x1 post-1475 us_portfolio type-us_portfolio status-publish has-post-thumbnail hentry us_portfolio_category-projekte us_portfolio_category-quartierspavillon\" data-id=\"1475\">\r\n\t\t<div class=\"w-grid-item-h\">\r\n\t\t\t\t\t\t<div class=\"w-post-elm post_image usg_post_image_1 stretched\"><a href=\"https:\/\/www.zuhause-in-wersten.de\/index.php\/portfolio\/jahresbeginn-im-quartierspavillon\/\" aria-label=\"Jahresbeginn im QuartiersPavillon\"><img loading=\"lazy\" decoding=\"async\" width=\"1000\" height=\"750\" src=\"https:\/\/www.zuhause-in-wersten.de\/wp-content\/uploads\/2026\/01\/260128_19-be-bearb-Li-red-1024x768.jpg\" class=\"attachment-large size-large wp-post-image\" alt=\"\" srcset=\"https:\/\/www.zuhause-in-wersten.de\/wp-content\/uploads\/2026\/01\/260128_19-be-bearb-Li-red-1024x768.jpg 1024w, https:\/\/www.zuhause-in-wersten.de\/wp-content\/uploads\/2026\/01\/260128_19-be-bearb-Li-red-300x225.jpg 300w\" sizes=\"auto, (max-width: 1000px) 100vw, 1000px\" \/><\/a><\/div><h2 class=\"w-post-elm post_title usg_post_title_1 entry-title color_link_inherit\"><a href=\"https:\/\/www.zuhause-in-wersten.de\/index.php\/portfolio\/jahresbeginn-im-quartierspavillon\/\">Jahresbeginn im QuartiersPavillon<\/a><\/h2>\t\t<\/div>\r\n\t\t\t<\/article>\r\n\t<article class=\"w-grid-item size_1x1 post-1252 us_portfolio type-us_portfolio status-publish has-post-thumbnail hentry us_portfolio_category-projekte us_portfolio_category-quartierspavillon\" data-id=\"1252\">\r\n\t\t<div class=\"w-grid-item-h\">\r\n\t\t\t\t\t\t<div class=\"w-post-elm post_image usg_post_image_1 stretched\"><a href=\"https:\/\/www.zuhause-in-wersten.de\/index.php\/portfolio\/nachbarschaftsaktion-blumen-statt-gestruepp\/\" aria-label=\"Nachbarschaftsaktion: 100-\u20ac-Projekt &#8218;Blumen statt Gestr\u00fcpp&#8216;\"><img loading=\"lazy\" decoding=\"async\" width=\"1000\" height=\"858\" src=\"https:\/\/www.zuhause-in-wersten.de\/wp-content\/uploads\/2025\/08\/250708_Be-4-web-1024x879.jpg\" class=\"attachment-large size-large wp-post-image\" alt=\"\" srcset=\"https:\/\/www.zuhause-in-wersten.de\/wp-content\/uploads\/2025\/08\/250708_Be-4-web-1024x879.jpg 1024w, https:\/\/www.zuhause-in-wersten.de\/wp-content\/uploads\/2025\/08\/250708_Be-4-web-300x258.jpg 300w, https:\/\/www.zuhause-in-wersten.de\/wp-content\/uploads\/2025\/08\/250708_Be-4-web.jpg 1132w\" sizes=\"auto, (max-width: 1000px) 100vw, 1000px\" \/><\/a><\/div><h2 class=\"w-post-elm post_title usg_post_title_1 entry-title color_link_inherit\"><a href=\"https:\/\/www.zuhause-in-wersten.de\/index.php\/portfolio\/nachbarschaftsaktion-blumen-statt-gestruepp\/\">Nachbarschaftsaktion: 100-\u20ac-Projekt &#8218;Blumen statt Gestr\u00fcpp&#8216;<\/a><\/h2>\t\t<\/div>\r\n\t\t\t<\/article>\r\n\t<article class=\"w-grid-item size_1x1 post-1189 us_portfolio type-us_portfolio status-publish has-post-thumbnail hentry us_portfolio_category-buergerbeteiligung us_portfolio_category-projekte us_portfolio_category-quartierspavillon\" data-id=\"1189\">\r\n\t\t<div class=\"w-grid-item-h\">\r\n\t\t\t\t\t\t<div class=\"w-post-elm post_image usg_post_image_1 stretched\"><a href=\"https:\/\/www.zuhause-in-wersten.de\/index.php\/portfolio\/erstes-nachbarschaftsgespraech\/\" aria-label=\"Erstes Nachbarschaftsgespr\u00e4ch\"><img loading=\"lazy\" decoding=\"async\" width=\"1000\" height=\"518\" src=\"https:\/\/www.zuhause-in-wersten.de\/wp-content\/uploads\/2025\/07\/250723_OT-Nachbarschaftsgespraech-12-bearb-anonym3-red-1024x530.jpg\" class=\"attachment-large size-large wp-post-image\" alt=\"\" srcset=\"https:\/\/www.zuhause-in-wersten.de\/wp-content\/uploads\/2025\/07\/250723_OT-Nachbarschaftsgespraech-12-bearb-anonym3-red-1024x530.jpg 1024w, https:\/\/www.zuhause-in-wersten.de\/wp-content\/uploads\/2025\/07\/250723_OT-Nachbarschaftsgespraech-12-bearb-anonym3-red-300x155.jpg 300w\" sizes=\"auto, (max-width: 1000px) 100vw, 1000px\" \/><\/a><\/div><h2 class=\"w-post-elm post_title usg_post_title_1 entry-title color_link_inherit\"><a href=\"https:\/\/www.zuhause-in-wersten.de\/index.php\/portfolio\/erstes-nachbarschaftsgespraech\/\">Erstes Nachbarschaftsgespr\u00e4ch<\/a><\/h2>\t\t<\/div>\r\n\t\t\t<\/article>\r\n<\/div><div class=\"g-loadmore hidden\"><div class=\"g-preloader type_1\"><div><\/div><\/div><\/div><div class=\"w-grid-list-json hidden\" onclick='return {&quot;max_num_pages&quot;:0,&quot;paginationBase&quot;:&quot;page&quot;,&quot;pagination&quot;:&quot;none&quot;,&quot;paged&quot;:1,&quot;ajaxData&quot;:{&quot;action&quot;:&quot;us_ajax_post_list&quot;,&quot;meta_type&quot;:&quot;post&quot;,&quot;object_id&quot;:0,&quot;template_vars&quot;:{&quot;shortcode_base&quot;:&quot;us_post_list&quot;,&quot;paged&quot;:1,&quot;max_num_pages&quot;:0,&quot;no_results&quot;:false,&quot;us_post_content_design_css&quot;:[],&quot;found_posts&quot;:0,&quot;per_page&quot;:999,&quot;items_count&quot;:5,&quot;orderby_random_seed&quot;:null,&quot;source&quot;:&quot;all&quot;,&quot;ids&quot;:&quot;&quot;,&quot;post_type&quot;:&quot;us_portfolio&quot;,&quot;attachment_ids&quot;:null,&quot;include_post_thumbnail&quot;:0,&quot;post_author&quot;:&quot;any&quot;,&quot;post_author_ids&quot;:&quot;&quot;,&quot;apply_url_params&quot;:0,&quot;ignore_sticky_posts&quot;:1,&quot;exclude_children&quot;:0,&quot;exclude_current_post&quot;:1,&quot;exclude_prev_posts&quot;:0,&quot;exclude_past_events&quot;:0,&quot;enable_items_offset&quot;:0,&quot;items_offset&quot;:&quot;1&quot;,&quot;tax_query_relation&quot;:&quot;AND&quot;,&quot;tax_query&quot;:&quot;%5B%7B%22operator%22%3A%22IN%22%2C%22taxonomy%22%3A%22us_portfolio_category%22%2C%22terms%22%3A%2210%22%2C%22include_children%22%3A%220%22%7D%5D&quot;,&quot;meta_query_relation&quot;:&quot;none&quot;,&quot;meta_query&quot;:[{&quot;key&quot;:&quot;custom_field_name&quot;,&quot;compare&quot;:&quot;=&quot;,&quot;value&quot;:&quot;&quot;}],&quot;orderby&quot;:&quot;date&quot;,&quot;orderby_custom_field&quot;:&quot;&quot;,&quot;orderby_custom_type&quot;:0,&quot;order_invert&quot;:&quot;1&quot;,&quot;show_all&quot;:&quot;1&quot;,&quot;quantity&quot;:&quot;12&quot;,&quot;posts_per_archive_page&quot;:0,&quot;no_items_action&quot;:&quot;message&quot;,&quot;no_items_message&quot;:&quot;Es wurden keine Ergebnisse gefunden.&quot;,&quot;no_items_page_block&quot;:&quot;&quot;,&quot;pagination&quot;:&quot;none&quot;,&quot;pagination_style&quot;:&quot;&quot;,&quot;pagination_btn_text&quot;:&quot;Mehr laden&quot;,&quot;pagination_btn_size&quot;:&quot;&quot;,&quot;pagination_btn_style&quot;:&quot;1&quot;,&quot;pagination_btn_fullwidth&quot;:0,&quot;items_layout&quot;:&quot;blog_1&quot;,&quot;type&quot;:&quot;masonry&quot;,&quot;items_valign&quot;:0,&quot;ignore_items_size&quot;:0,&quot;columns&quot;:&quot;3&quot;,&quot;items_gap&quot;:&quot;1.5rem&quot;,&quot;load_animation&quot;:&quot;none&quot;,&quot;items_preload_style&quot;:&quot;spinner&quot;,&quot;img_size&quot;:&quot;default&quot;,&quot;title_size&quot;:&quot;&quot;,&quot;items_ratio&quot;:&quot;default&quot;,&quot;items_ratio_width&quot;:&quot;21&quot;,&quot;items_ratio_height&quot;:&quot;9&quot;,&quot;overriding_link&quot;:&quot;%7B%22url%22%3A%22%22%7D&quot;,&quot;popup_page_template&quot;:&quot;0&quot;,&quot;popup_width&quot;:&quot;&quot;,&quot;popup_arrows&quot;:1,&quot;breakpoint_1_width&quot;:&quot;1381px&quot;,&quot;breakpoint_1_cols&quot;:&quot;default&quot;,&quot;breakpoint_1_quantity&quot;:&quot;&quot;,&quot;breakpoint_1_gap&quot;:&quot;&quot;,&quot;breakpoint_2_width&quot;:&quot;1025px&quot;,&quot;breakpoint_2_cols&quot;:&quot;2&quot;,&quot;breakpoint_2_quantity&quot;:&quot;&quot;,&quot;breakpoint_2_gap&quot;:&quot;&quot;,&quot;breakpoint_3_width&quot;:&quot;601px&quot;,&quot;breakpoint_3_cols&quot;:&quot;1&quot;,&quot;breakpoint_3_quantity&quot;:&quot;&quot;,&quot;breakpoint_3_gap&quot;:&quot;&quot;,&quot;conditions_operator&quot;:&quot;always&quot;,&quot;conditions&quot;:[],&quot;css&quot;:null,&quot;el_class&quot;:&quot;&quot;,&quot;el_id&quot;:&quot;&quot;,&quot;enable_custom_html_atts&quot;:0,&quot;custom_html_atts&quot;:null,&quot;hide_on_states&quot;:&quot;&quot;,&quot;hide_for_sticky&quot;:0,&quot;hide_for_not_sticky&quot;:0,&quot;hide_below&quot;:&quot;0px&quot;,&quot;hide_above&quot;:&quot;0px&quot;,&quot;classes&quot;:&quot;&quot;},&quot;found_posts&quot;:0,&quot;per_page&quot;:999},&quot;facetedFilter&quot;:[]}'><\/div><\/div><\/div><\/div><\/div><\/div><\/div><\/section>\n","protected":false},"excerpt":{"rendered":"Erstes Nachbarschaftsgespr\u00e4chMeinungsverschiedenheiten, Streitigkeiten gibt es immer wieder: so auch rund um die verkehrsberuhigte Fl\u00e4che vor dem Neubau an der Leverkuser Stra\u00dfe. Mit Unterst\u00fctzung der erfahrenen Streitschlichterin Ellen Hillebrand haben wir erstmalig zu einem Nachbarschaftsgespr\u00e4ch eingeladen. Viele Nachbarinnen und Nachbarn haben die Einladung angenommen. Getroffen haben wir uns vor dem QuartiersPavillion auf der Immigrather Stra\u00dfe. Dort...","protected":false},"author":4,"featured_media":0,"parent":0,"menu_order":0,"comment_status":"closed","ping_status":"closed","template":"","meta":{"footnotes":""},"class_list":["post-1521","page","type-page","status-publish","hentry"],"_links":{"self":[{"href":"https:\/\/www.zuhause-in-wersten.de\/index.php\/wp-json\/wp\/v2\/pages\/1521","targetHints":{"allow":["GET"]}}],"collection":[{"href":"https:\/\/www.zuhause-in-wersten.de\/index.php\/wp-json\/wp\/v2\/pages"}],"about":[{"href":"https:\/\/www.zuhause-in-wersten.de\/index.php\/wp-json\/wp\/v2\/types\/page"}],"author":[{"embeddable":true,"href":"https:\/\/www.zuhause-in-wersten.de\/index.php\/wp-json\/wp\/v2\/users\/4"}],"replies":[{"embeddable":true,"href":"https:\/\/www.zuhause-in-wersten.de\/index.php\/wp-json\/wp\/v2\/comments?post=1521"}],"version-history":[{"count":2,"href":"https:\/\/www.zuhause-in-wersten.de\/index.php\/wp-json\/wp\/v2\/pages\/1521\/revisions"}],"predecessor-version":[{"id":1537,"href":"https:\/\/www.zuhause-in-wersten.de\/index.php\/wp-json\/wp\/v2\/pages\/1521\/revisions\/1537"}],"wp:attachment":[{"href":"https:\/\/www.zuhause-in-wersten.de\/index.php\/wp-json\/wp\/v2\/media?parent=1521"}],"curies":[{"name":"wp","href":"https:\/\/api.w.org\/{rel}","templated":true}]}}