{"id":249,"date":"2024-04-11T08:34:17","date_gmt":"2024-04-11T08:34:17","guid":{"rendered":"https:\/\/www.zuhause-in-wersten.de\/?page_id=249"},"modified":"2025-05-16T12:09:49","modified_gmt":"2025-05-16T12:09:49","slug":"kooperation","status":"publish","type":"page","link":"https:\/\/www.zuhause-in-wersten.de\/index.php\/kooperation\/","title":{"rendered":"Kooperation"},"content":{"rendered":"<section class=\"l-section wpb_row height_medium\"><div class=\"l-section-h i-cf\"><div class=\"g-cols vc_row via_flex valign_top type_default stacking_default\"><div class=\"vc_col-sm-1\/5 wpb_column vc_column_container\"><div class=\"vc_column-inner\"><div class=\"wpb_wrapper\"><div class=\"w-image align_none\"><a target=\"_blank\" href=\"https:\/\/www.wogedo.de\/\" aria-label=\"240527_Logo-WOGEDO\" class=\"w-image-h\"><img decoding=\"async\" width=\"495\" height=\"177\" src=\"https:\/\/www.zuhause-in-wersten.de\/wp-content\/uploads\/2024\/05\/240527_Logo-WOGEDO.png\" class=\"attachment-full size-full\" alt=\"\" loading=\"lazy\" srcset=\"https:\/\/www.zuhause-in-wersten.de\/wp-content\/uploads\/2024\/05\/240527_Logo-WOGEDO.png 495w, https:\/\/www.zuhause-in-wersten.de\/wp-content\/uploads\/2024\/05\/240527_Logo-WOGEDO-300x107.png 300w\" sizes=\"auto, (max-width: 495px) 100vw, 495px\" \/><\/a><\/div><\/div><\/div><\/div><div class=\"vc_col-sm-1\/5 wpb_column vc_column_container\"><div class=\"vc_column-inner\"><div class=\"wpb_wrapper\"><div class=\"w-image align_none\"><a target=\"_blank\" href=\"https:\/\/www.vonovia.de\/\" aria-label=\"240527_Logo-Vonovia(1)\" class=\"w-image-h\"><img decoding=\"async\" width=\"453\" height=\"108\" src=\"https:\/\/www.zuhause-in-wersten.de\/wp-content\/uploads\/2024\/05\/240527_Logo-Vonovia1.png\" class=\"attachment-full size-full\" alt=\"\" loading=\"lazy\" srcset=\"https:\/\/www.zuhause-in-wersten.de\/wp-content\/uploads\/2024\/05\/240527_Logo-Vonovia1.png 453w, https:\/\/www.zuhause-in-wersten.de\/wp-content\/uploads\/2024\/05\/240527_Logo-Vonovia1-300x72.png 300w\" sizes=\"auto, (max-width: 453px) 100vw, 453px\" \/><\/a><\/div><\/div><\/div><\/div><div class=\"vc_col-sm-1\/5 wpb_column vc_column_container\"><div class=\"vc_column-inner\"><div class=\"wpb_wrapper\"><div class=\"w-image align_none\"><a target=\"_blank\" href=\"https:\/\/www.swd-duesseldorf.de\/startseite.html\" aria-label=\"240527_Logo-SWD(1)\" class=\"w-image-h\"><img decoding=\"async\" width=\"495\" height=\"177\" src=\"https:\/\/www.zuhause-in-wersten.de\/wp-content\/uploads\/2024\/05\/240527_Logo-SWD1.png\" class=\"attachment-full size-full\" alt=\"\" loading=\"lazy\" srcset=\"https:\/\/www.zuhause-in-wersten.de\/wp-content\/uploads\/2024\/05\/240527_Logo-SWD1.png 495w, https:\/\/www.zuhause-in-wersten.de\/wp-content\/uploads\/2024\/05\/240527_Logo-SWD1-300x107.png 300w\" sizes=\"auto, (max-width: 495px) 100vw, 495px\" \/><\/a><\/div><\/div><\/div><\/div><div class=\"vc_col-sm-1\/5 wpb_column vc_column_container\"><div class=\"vc_column-inner\"><div class=\"wpb_wrapper\"><div class=\"w-image align_none\"><a target=\"_blank\" href=\"https:\/\/www.sahle-wohnen.de\/\" aria-label=\"240527_Logo-SahleWohnen\" class=\"w-image-h\"><img decoding=\"async\" width=\"495\" height=\"177\" src=\"https:\/\/www.zuhause-in-wersten.de\/wp-content\/uploads\/2024\/05\/240527_Logo-SahleWohnen.png\" class=\"attachment-full size-full\" alt=\"\" loading=\"lazy\" srcset=\"https:\/\/www.zuhause-in-wersten.de\/wp-content\/uploads\/2024\/05\/240527_Logo-SahleWohnen.png 495w, https:\/\/www.zuhause-in-wersten.de\/wp-content\/uploads\/2024\/05\/240527_Logo-SahleWohnen-300x107.png 300w\" sizes=\"auto, (max-width: 495px) 100vw, 495px\" \/><\/a><\/div><\/div><\/div><\/div><div class=\"vc_col-sm-1\/5 wpb_column vc_column_container\"><div class=\"vc_column-inner\"><div class=\"wpb_wrapper\"><div class=\"w-image align_none\"><a target=\"_blank\" href=\"https:\/\/www.rheinwohnungsbau.de\/\" aria-label=\"240527_Logo-Rheinwohnungsbau\" class=\"w-image-h\"><img decoding=\"async\" width=\"584\" height=\"150\" src=\"https:\/\/www.zuhause-in-wersten.de\/wp-content\/uploads\/2024\/05\/240527_Logo-Rheinwohnungsbau.png\" class=\"attachment-full size-full\" alt=\"\" loading=\"lazy\" srcset=\"https:\/\/www.zuhause-in-wersten.de\/wp-content\/uploads\/2024\/05\/240527_Logo-Rheinwohnungsbau.png 584w, https:\/\/www.zuhause-in-wersten.de\/wp-content\/uploads\/2024\/05\/240527_Logo-Rheinwohnungsbau-300x77.png 300w\" sizes=\"auto, (max-width: 584px) 100vw, 584px\" \/><\/a><\/div><\/div><\/div><\/div><\/div><\/div><\/section><section class=\"l-section wpb_row height_auto\"><div class=\"l-section-h i-cf\"><div class=\"g-cols vc_row via_flex valign_top type_default stacking_default\"><div class=\"vc_col-sm-12 wpb_column vc_column_container\"><div class=\"vc_column-inner\"><div class=\"wpb_wrapper\"><div class=\"wpb_text_column\"><div class=\"wpb_wrapper\"><p><strong>Kooperation: Zuhause in Wersten<\/strong><\/p>\n<p><em>Vielfalt in Wersten S\u00fcd-Ost\u00a0\u00a0\u00a0 <\/em>Wersten ist ein guter Stadtteil zum Wohnen. Viele Familien leben hier bereits in der zweiten oder dritten Generation und f\u00fchlen sich mit diesem Stadtteil verbunden. Zus\u00e4tzlich sind in den vergangenen Jahren viele Bewohnerinnen und Bewohner neu in das Quartier gekommen. Verbundenheit ist die Grundlage f\u00fcr ein nachbarschaftliches Mit- und F\u00fcreinander, das wir weiter ausbauen und f\u00f6rdern werden.<\/p>\n<p><em>Unsere Ziele\u00a0\u00a0\u00a0\u00a0 <\/em>Seit vielen Jahren geben wir unseren Mieterinnen und Mietern ein echtes Zuhause. Aus diesem Verst\u00e4ndnis heraus haben wir uns entschlossen, die Entwicklung von Wersten S\u00fcd-Ost gemeinschaftlich voranzutreiben und Eigeninitiative zu f\u00f6rdern. Unterst\u00fctzt wird das durch ein von uns eingesetztes Quartiersmanagement, das zusammen mit den Bewohnerinnen und Bewohnern regelm\u00e4\u00dfig kleine Projekte und Mitmach-Aktionen im Quartier umsetzt und als Kontaktperson zur Verf\u00fcgung steht. Die Stadt D\u00fcsseldorf unterst\u00fctz unser Engagement mit Mitteln f\u00fcr den Verf\u00fcgungsfonds, mit dem einige Projekte finanziert werden k\u00f6nnen.<\/p>\n<p><em>Das Auge wohnt mit\u00a0\u00a0\u00a0\u00a0\u00a0 <\/em>Ein attraktives Wohnumfeld ist das A und O. Wersten S\u00fcd-Ost soll sicherer, sauberer und anziehender werden. Eine gemeinsam entwickelte Zukunftsstrategie soll dazu beitragen, den \u00f6ffentlichen Raum, das Erscheinungsbild und die Geb\u00e4ude des Stadtteils langfristig aufzuwerten.<\/p>\n<p><em>F\u00fcnf Partner, ein Ziel: <\/em>genauso wichtig wie die eigenen vier W\u00e4nde ist ein ansprechendes Wohnumfeld. Deshalb haben wir uns zu einer Kooperation zusammengeschlossen. Unser Ziel ist es, gemeinsam mit den Bewohnerinnen und Bewohnern, den \u00f6rtlichen Einrichtungen und den verantwortlichen Beh\u00f6rden die Rahmenbedingungen f\u00fcr ein lebenswertes Viertel zu f\u00f6rdern. Gemeinschaftlich wollen wir in vielerlei Hinsicht f\u00fcr mehr Attraktivit\u00e4t und Lebensqualit\u00e4t sorgen.<\/p>\n<p><em><strong>Hier finden Sie unseren <a href=\"https:\/\/www.zuhause-in-wersten.de\/wp-content\/uploads\/2023\/08\/230614_Flyer-korrig.pdf\">Flyer &#8218;Kooperation&#8216;<\/a> zum Download.<\/strong> <\/em><\/p>\n<\/div><\/div><div class=\"w-separator size_medium\"><\/div><div class=\"wpb_text_column\"><div class=\"wpb_wrapper\"><p><img loading=\"lazy\" decoding=\"async\" class=\"alignnone wp-image-1081 size-medium\" src=\"https:\/\/www.zuhause-in-wersten.de\/wp-content\/uploads\/2025\/05\/250516_Foto-Koop_Wersten-Suedost-red-300x200.jpg\" alt=\"\" width=\"300\" height=\"200\" srcset=\"https:\/\/www.zuhause-in-wersten.de\/wp-content\/uploads\/2025\/05\/250516_Foto-Koop_Wersten-Suedost-red-300x200.jpg 300w, https:\/\/www.zuhause-in-wersten.de\/wp-content\/uploads\/2025\/05\/250516_Foto-Koop_Wersten-Suedost-red-1024x683.jpg 1024w\" sizes=\"auto, (max-width: 300px) 100vw, 300px\" \/><\/p>\n<p><em>(Foto: Andr\u00e9 Wagenzik, vhw)\u00a0 <\/em>F\u00fcr die bundesweit einmalige Kooperation von f\u00fcnf Wohnungsunternehmen wurden wir am 6. Mai 2025\u00a0 in Berlin ausgezeichnet mit dem Preis &#8218;Soziale Stadt&#8216;. Unter \u00fcber 110 Einreichungen hat es unser Projekt unter die Gewinner geschafft.<\/p>\n<p>Einen Einblick in weitere ausgezeichnete Arbeiten finden Sie <a href=\"https:\/\/www.preis-soziale-stadt.de\/fileadmin\/user_upload\/10_dokumente\/Preis_Soziale_Stadt\/Preis_Soziale_Stadt_2025\/PSS_2025_Dokumentation_V3_2025-05-05_FINAL.pdf\">hier auf dem Internetauftritt des Auslobers<\/a>.<\/p>\n<\/div><\/div><div class=\"w-separator size_medium\"><\/div><\/div><\/div><\/div><\/div><\/div><\/section>\n","protected":false},"excerpt":{"rendered":"Kooperation: Zuhause in Wersten Vielfalt in Wersten S\u00fcd-Ost\u00a0\u00a0\u00a0 Wersten ist ein guter Stadtteil zum Wohnen. Viele Familien leben hier bereits in der zweiten oder dritten Generation und f\u00fchlen sich mit diesem Stadtteil verbunden. Zus\u00e4tzlich sind in den vergangenen Jahren viele Bewohnerinnen und Bewohner neu in das Quartier gekommen. Verbundenheit ist die Grundlage f\u00fcr ein nachbarschaftliches...","protected":false},"author":2,"featured_media":0,"parent":0,"menu_order":0,"comment_status":"closed","ping_status":"closed","template":"","meta":{"footnotes":""},"class_list":["post-249","page","type-page","status-publish","hentry"],"_links":{"self":[{"href":"https:\/\/www.zuhause-in-wersten.de\/index.php\/wp-json\/wp\/v2\/pages\/249","targetHints":{"allow":["GET"]}}],"collection":[{"href":"https:\/\/www.zuhause-in-wersten.de\/index.php\/wp-json\/wp\/v2\/pages"}],"about":[{"href":"https:\/\/www.zuhause-in-wersten.de\/index.php\/wp-json\/wp\/v2\/types\/page"}],"author":[{"embeddable":true,"href":"https:\/\/www.zuhause-in-wersten.de\/index.php\/wp-json\/wp\/v2\/users\/2"}],"replies":[{"embeddable":true,"href":"https:\/\/www.zuhause-in-wersten.de\/index.php\/wp-json\/wp\/v2\/comments?post=249"}],"version-history":[{"count":19,"href":"https:\/\/www.zuhause-in-wersten.de\/index.php\/wp-json\/wp\/v2\/pages\/249\/revisions"}],"predecessor-version":[{"id":1082,"href":"https:\/\/www.zuhause-in-wersten.de\/index.php\/wp-json\/wp\/v2\/pages\/249\/revisions\/1082"}],"wp:attachment":[{"href":"https:\/\/www.zuhause-in-wersten.de\/index.php\/wp-json\/wp\/v2\/media?parent=249"}],"curies":[{"name":"wp","href":"https:\/\/api.w.org\/{rel}","templated":true}]}}