{"id":8,"date":"2023-08-08T11:18:00","date_gmt":"2023-08-08T11:18:00","guid":{"rendered":"https:\/\/www.zuhause-in-wersten.de\/?page_id=8"},"modified":"2026-04-09T13:25:16","modified_gmt":"2026-04-09T13:25:16","slug":"home","status":"publish","type":"page","link":"https:\/\/www.zuhause-in-wersten.de\/","title":{"rendered":"Home"},"content":{"rendered":"<section class=\"l-section wpb_row height_auto width_full\"><div class=\"l-section-h i-cf\"><div class=\"g-cols vc_row via_flex valign_top type_default stacking_default\"><div class=\"vc_col-sm-12 wpb_column vc_column_container\"><div class=\"vc_column-inner\"><div class=\"wpb_wrapper\"><div class=\"w-slider style_none fit_scaledown nav_none count_6\"><div class=\"w-slider-h\" aria-hidden=\"true\"><div class=\"royalSlider\"><div class=\"rsContent\"><a class=\"rsImg\" data-rsw=\"2200\" data-rsh=\"550\" href=\"https:\/\/www.zuhause-in-wersten.de\/wp-content\/uploads\/2023\/08\/bild_3.jpg\"><span data-alt=\"\"><\/span><\/a><\/div><div class=\"rsContent\"><a class=\"rsImg\" data-rsw=\"2200\" data-rsh=\"550\" href=\"https:\/\/www.zuhause-in-wersten.de\/wp-content\/uploads\/2023\/08\/bild_4.jpg\"><span data-alt=\"\"><\/span><\/a><\/div><div class=\"rsContent\"><a class=\"rsImg\" data-rsw=\"2200\" data-rsh=\"550\" href=\"https:\/\/www.zuhause-in-wersten.de\/wp-content\/uploads\/2023\/08\/bild_1.jpg\"><span data-alt=\"\"><\/span><\/a><\/div><div class=\"rsContent\"><a class=\"rsImg\" data-rsw=\"2200\" data-rsh=\"550\" href=\"https:\/\/www.zuhause-in-wersten.de\/wp-content\/uploads\/2024\/04\/Slider_2.jpg\"><span data-alt=\"\"><\/span><\/a><\/div><div class=\"rsContent\"><a class=\"rsImg\" data-rsw=\"2200\" data-rsh=\"550\" href=\"https:\/\/www.zuhause-in-wersten.de\/wp-content\/uploads\/2024\/04\/Slider_1.jpg\"><span data-alt=\"\"><\/span><\/a><\/div><div class=\"rsContent\"><a class=\"rsImg\" data-rsw=\"2200\" data-rsh=\"550\" href=\"https:\/\/www.zuhause-in-wersten.de\/wp-content\/uploads\/2024\/04\/Slider_3.jpg\"><span data-alt=\"\"><\/span><\/a><\/div><\/div><img decoding=\"async\" src=\"https:\/\/www.zuhause-in-wersten.de\/wp-content\/uploads\/2023\/08\/bild_3.jpg\" width=\"2200\" height=\"550\" alt loading=\"lazy\"><\/div><div class=\"w-slider-json\" onclick='return {&quot;autoScaleSlider&quot;:true,&quot;addActiveClass&quot;:true,&quot;loop&quot;:true,&quot;fadeInLoadedSlide&quot;:false,&quot;slidesSpacing&quot;:0,&quot;imageScalePadding&quot;:0,&quot;numImagesToPreload&quot;:2,&quot;arrowsNav&quot;:true,&quot;arrowsNavAutoHide&quot;:false,&quot;transitionType&quot;:&quot;fade&quot;,&quot;transitionSpeed&quot;:250,&quot;block&quot;:{&quot;moveEffect&quot;:&quot;none&quot;,&quot;speed&quot;:300},&quot;thumbs&quot;:{&quot;fitInViewport&quot;:false,&quot;firstMargin&quot;:false,&quot;spacing&quot;:4},&quot;controlNavigation&quot;:&quot;none&quot;,&quot;autoplay&quot;:{&quot;enabled&quot;:true,&quot;pauseOnHover&quot;:false,&quot;delay&quot;:3000},&quot;autoScaleSliderWidth&quot;:2200,&quot;autoScaleSliderHeight&quot;:550}'><\/div><\/div><\/div><\/div><\/div><\/div><\/div><\/section><section class=\"l-section wpb_row height_small\"><div class=\"l-section-h i-cf\"><div class=\"g-cols vc_row via_flex valign_top type_default stacking_default\"><div class=\"vc_col-sm-4 wpb_column vc_column_container\"><div class=\"vc_column-inner\"><div class=\"wpb_wrapper\"><div class=\"w-iconbox iconpos_top style_default color_primary align_center\"><a href=\"https:\/\/www.zuhause-in-wersten.de\/index.php\/projekte\/\" class=\"w-iconbox-link\" aria-label=\"Projekte\"><div class=\"w-iconbox-icon\" style=\"font-size:2rem;\"><i class=\"fas fa-project-diagram\"><\/i><\/div><\/a><div class=\"w-iconbox-meta\"><h3 class=\"w-iconbox-title\"><a href=\"https:\/\/www.zuhause-in-wersten.de\/index.php\/projekte\/\" class=\"w-iconbox-link\" aria-label=\"Projekte\">Projekte<\/a><\/h3><div class=\"w-iconbox-text\"><p>Bislang umgesetzte Projekte<\/p>\n<\/div><\/div><\/div><div class=\"w-btn-wrapper align_center\"><a class=\"w-btn us-btn-style_1\" href=\"https:\/\/www.zuhause-in-wersten.de\/index.php\/projekte\/\"><span class=\"w-btn-label\">mehr Informationen<\/span><\/a><\/div><\/div><\/div><\/div><div class=\"vc_col-sm-4 wpb_column vc_column_container\"><div class=\"vc_column-inner\"><div class=\"wpb_wrapper\"><div class=\"w-iconbox iconpos_top style_default color_primary align_center\"><div class=\"w-iconbox-icon\" style=\"font-size:2rem;\"><i class=\"fas fa-calendar\"><\/i><\/div><div class=\"w-iconbox-meta\"><h3 class=\"w-iconbox-title\">Termine<\/h3><div class=\"w-iconbox-text\"><p>Hier finden Sie alle Termine<\/p>\n<\/div><\/div><\/div><div class=\"w-btn-wrapper align_center\"><a class=\"w-btn us-btn-style_1\" href=\"https:\/\/www.zuhause-in-wersten.de\/index.php\/termine\/\"><span class=\"w-btn-label\">mehr Informationen<\/span><\/a><\/div><\/div><\/div><\/div><div class=\"vc_col-sm-4 wpb_column vc_column_container\"><div class=\"vc_column-inner\"><div class=\"wpb_wrapper\"><div class=\"w-iconbox iconpos_top style_default color_primary align_center\"><div class=\"w-iconbox-icon\" style=\"font-size:2rem;\"><i class=\"fas fa-users\"><\/i><\/div><div class=\"w-iconbox-meta\"><h3 class=\"w-iconbox-title\">Akteure<\/h3><div class=\"w-iconbox-text\"><p>Netzwerke und Kooperationen<\/p>\n<\/div><\/div><\/div><div class=\"w-btn-wrapper align_center\"><a class=\"w-btn us-btn-style_1\" href=\"https:\/\/www.zuhause-in-wersten.de\/index.php\/akteure-in-wersten\/\"><span class=\"w-btn-label\">mehr Informationen<\/span><\/a><\/div><\/div><\/div><\/div><\/div><\/div><\/section><section class=\"l-section wpb_row height_medium\"><div class=\"l-section-h i-cf\"><div class=\"g-cols vc_row via_flex valign_top type_default stacking_default\"><div class=\"vc_col-sm-3 wpb_column vc_column_container\"><div class=\"vc_column-inner\"><div class=\"wpb_wrapper\"><\/div><\/div><\/div><div class=\"vc_col-sm-3 wpb_column vc_column_container\"><div class=\"vc_column-inner\"><div class=\"wpb_wrapper\"><div class=\"w-iconbox iconpos_top style_default color_primary align_center\"><div class=\"w-iconbox-icon\" style=\"font-size:2rem;\"><i class=\"fas fa-people-carry\"><\/i><\/div><div class=\"w-iconbox-meta\"><h4 class=\"w-iconbox-title\">QuartiersPavillon<\/h4><div class=\"w-iconbox-text\"><p>Dritte Orte erschlie\u00dfen<\/p>\n<\/div><\/div><\/div><div class=\"w-btn-wrapper align_center\"><a class=\"w-btn us-btn-style_1\" href=\"https:\/\/www.zuhause-in-wersten.de\/index.php\/qpav\/\"><span class=\"w-btn-label\">mehr Informationen<\/span><\/a><\/div><\/div><\/div><\/div><div class=\"vc_col-sm-3 wpb_column vc_column_container\"><div class=\"vc_column-inner\"><div class=\"wpb_wrapper\"><div class=\"w-iconbox iconpos_top style_default color_primary align_center\"><a href=\"https:\/\/www.zuhause-in-wersten.de\/index.php\/muelloffensive\/\" class=\"w-iconbox-link\" aria-label=\"M\u00fclloffensive\"><div class=\"w-iconbox-icon\" style=\"font-size:2rem;\"><i class=\"fas fa-dumpster\"><\/i><\/div><\/a><div class=\"w-iconbox-meta\"><h4 class=\"w-iconbox-title\"><a href=\"https:\/\/www.zuhause-in-wersten.de\/index.php\/muelloffensive\/\" class=\"w-iconbox-link\" aria-label=\"M\u00fclloffensive\">M\u00fclloffensive<\/a><\/h4><div class=\"w-iconbox-text\"><p>F\u00fcr ein sauberes Quartier<\/p>\n<\/div><\/div><\/div><div class=\"w-btn-wrapper align_center\"><a class=\"w-btn us-btn-style_1\" href=\"https:\/\/www.zuhause-in-wersten.de\/index.php\/muelloffensive\/\"><span class=\"w-btn-label\">mehr Informationen<\/span><\/a><\/div><\/div><\/div><\/div><div class=\"vc_col-sm-3 wpb_column vc_column_container\"><div class=\"vc_column-inner\"><div class=\"wpb_wrapper\"><\/div><\/div><\/div><\/div><\/div><\/section><section class=\"l-section wpb_row height_auto\"><div class=\"l-section-h i-cf\"><div class=\"g-cols vc_row via_flex valign_top type_default stacking_default\"><div class=\"vc_col-sm-12 wpb_column vc_column_container\"><div class=\"vc_column-inner\"><div class=\"wpb_wrapper\"><div class=\"w-separator size_medium with_line width_default thick_2 style_solid color_border align_center\"><div class=\"w-separator-h\"><\/div><\/div><div class=\"wpb_text_column\"><div class=\"wpb_wrapper\"><h2>Wer sind wir? Was wollen wir?<\/h2>\n<p>Genauso wichtig wie die eigenen vier W\u00e4nde ist ein ansprechendes Wohnumfeld. Deshalb haben wir uns zu einer Kooperation zusammengeschlossen. Unser Ziel ist, gemeinsam mit den Bewohnerinnen und Bewohnem, den \u00f6rtlichen Einrichtungen und den verantworlichen Beh\u00f6rden die Rahmenbedingungen f\u00fcr ein lebenswertes Viertel zu f\u00f6rdern. Gemeinschaftich wollen wir in vielerlei Hinsicht f\u00fcr mehr Attraktivit\u00e4t und Lebensqualit\u00e4t sorgen.<\/p>\n<\/div><\/div><div class=\"w-separator size_medium with_line width_default thick_2 style_solid color_border align_center\"><div class=\"w-separator-h\"><\/div><\/div><\/div><\/div><\/div><\/div><\/div><\/section>\n","protected":false},"excerpt":{"rendered":"ProjekteBislang umgesetzte Projekte mehr InformationenTermineHier finden Sie alle Termine mehr InformationenAkteureNetzwerke und Kooperationen mehr InformationenQuartiersPavillonDritte Orte erschlie\u00dfen mehr InformationenM\u00fclloffensiveF\u00fcr ein sauberes Quartier mehr InformationenWer sind wir? Was wollen wir? Genauso wichtig wie die eigenen vier W\u00e4nde ist ein ansprechendes Wohnumfeld. Deshalb haben wir uns zu einer Kooperation zusammengeschlossen. Unser Ziel ist, gemeinsam mit den Bewohnerinnen...","protected":false},"author":1,"featured_media":0,"parent":0,"menu_order":0,"comment_status":"closed","ping_status":"closed","template":"","meta":{"footnotes":""},"class_list":["post-8","page","type-page","status-publish","hentry"],"_links":{"self":[{"href":"https:\/\/www.zuhause-in-wersten.de\/index.php\/wp-json\/wp\/v2\/pages\/8","targetHints":{"allow":["GET"]}}],"collection":[{"href":"https:\/\/www.zuhause-in-wersten.de\/index.php\/wp-json\/wp\/v2\/pages"}],"about":[{"href":"https:\/\/www.zuhause-in-wersten.de\/index.php\/wp-json\/wp\/v2\/types\/page"}],"author":[{"embeddable":true,"href":"https:\/\/www.zuhause-in-wersten.de\/index.php\/wp-json\/wp\/v2\/users\/1"}],"replies":[{"embeddable":true,"href":"https:\/\/www.zuhause-in-wersten.de\/index.php\/wp-json\/wp\/v2\/comments?post=8"}],"version-history":[{"count":27,"href":"https:\/\/www.zuhause-in-wersten.de\/index.php\/wp-json\/wp\/v2\/pages\/8\/revisions"}],"predecessor-version":[{"id":1630,"href":"https:\/\/www.zuhause-in-wersten.de\/index.php\/wp-json\/wp\/v2\/pages\/8\/revisions\/1630"}],"wp:attachment":[{"href":"https:\/\/www.zuhause-in-wersten.de\/index.php\/wp-json\/wp\/v2\/media?parent=8"}],"curies":[{"name":"wp","href":"https:\/\/api.w.org\/{rel}","templated":true}]}}