{"id":89,"date":"2026-03-26T15:15:41","date_gmt":"2026-03-26T15:15:41","guid":{"rendered":"https:\/\/www.zuhause-in-wersten.de\/?page_id=89"},"modified":"2026-03-26T16:20:36","modified_gmt":"2026-03-26T16:20:36","slug":"muelloffensive","status":"publish","type":"page","link":"https:\/\/www.zuhause-in-wersten.de\/index.php\/muelloffensive\/","title":{"rendered":"M\u00fclloffensive"},"content":{"rendered":"<section class=\"l-section wpb_row height_auto width_full\"><div class=\"l-section-h i-cf\"><div class=\"g-cols vc_row via_flex valign_top type_default stacking_default\"><div class=\"vc_col-sm-12 wpb_column vc_column_container\"><div class=\"vc_column-inner\"><div class=\"wpb_wrapper\"><div class=\"w-slider style_none fit_cover nav_none has_ratio count_4\" style=\"--aspect-ratio: 20\/5;\"><div class=\"w-slider-h\" aria-hidden=\"true\"><div class=\"royalSlider\"><div class=\"rsContent\"><a class=\"rsImg\" data-rsw=\"1500\" data-rsh=\"996\" data-rsBigImg=\"https:\/\/www.zuhause-in-wersten.de\/wp-content\/uploads\/2024\/04\/11_DreckWegTag_Wersten.jpg\" href=\"https:\/\/www.zuhause-in-wersten.de\/wp-content\/uploads\/2024\/04\/11_DreckWegTag_Wersten.jpg\"><span data-alt=\"\"><\/span><\/a><\/div><div class=\"rsContent\"><a class=\"rsImg\" data-rsw=\"2364\" data-rsh=\"1716\" data-rsBigImg=\"https:\/\/www.zuhause-in-wersten.de\/wp-content\/uploads\/2025\/09\/251212_Be-8-web.jpg\" href=\"https:\/\/www.zuhause-in-wersten.de\/wp-content\/uploads\/2025\/09\/251212_Be-8-web.jpg\"><span data-alt=\"\"><\/span><\/a><\/div><div class=\"rsContent\"><a class=\"rsImg\" data-rsw=\"1600\" data-rsh=\"1200\" data-rsBigImg=\"https:\/\/www.zuhause-in-wersten.de\/wp-content\/uploads\/2025\/05\/250604-Be_5-web.jpg\" href=\"https:\/\/www.zuhause-in-wersten.de\/wp-content\/uploads\/2025\/05\/250604-Be_5-web.jpg\"><span data-alt=\"\"><\/span><\/a><\/div><div class=\"rsContent\"><a class=\"rsImg\" data-rsw=\"1600\" data-rsh=\"1200\" data-rsBigImg=\"https:\/\/www.zuhause-in-wersten.de\/wp-content\/uploads\/2024\/05\/image00008.jpeg\" href=\"https:\/\/www.zuhause-in-wersten.de\/wp-content\/uploads\/2024\/05\/image00008.jpeg\"><span data-alt=\"\"><\/span><\/a><\/div><\/div><img decoding=\"async\" src=\"https:\/\/www.zuhause-in-wersten.de\/wp-content\/uploads\/2024\/04\/11_DreckWegTag_Wersten.jpg\" width=\"1500\" height=\"996\" alt loading=\"lazy\"><\/div><div class=\"w-slider-json\" onclick='return {&quot;autoScaleSlider&quot;:false,&quot;addActiveClass&quot;:true,&quot;loop&quot;:true,&quot;fadeInLoadedSlide&quot;:false,&quot;slidesSpacing&quot;:0,&quot;imageScalePadding&quot;:0,&quot;numImagesToPreload&quot;:2,&quot;arrowsNav&quot;:true,&quot;arrowsNavAutoHide&quot;:false,&quot;transitionType&quot;:&quot;move&quot;,&quot;transitionSpeed&quot;:250,&quot;block&quot;:{&quot;moveEffect&quot;:&quot;none&quot;,&quot;speed&quot;:300},&quot;thumbs&quot;:{&quot;fitInViewport&quot;:false,&quot;firstMargin&quot;:false,&quot;spacing&quot;:4},&quot;controlNavigation&quot;:&quot;none&quot;,&quot;fullscreen&quot;:{&quot;enabled&quot;:true}}'><\/div><\/div><\/div><\/div><\/div><\/div><\/div><\/section><section class=\"l-section wpb_row height_medium\"><div class=\"l-section-h i-cf\"><div class=\"g-cols vc_row via_flex valign_top type_default stacking_default\"><div class=\"vc_col-sm-12 wpb_column vc_column_container\"><div class=\"vc_column-inner\"><div class=\"wpb_wrapper\"><div class=\"w-grid us_post_list type_masonry layout_blog_1 cols_3 preload_style_spinner with_isotope\" id=\"us_post_list_c72a\" style=\"--columns:3;--gap:1.5rem;\"><style>@media (max-width:1024px){#us_post_list_c72a{--columns:2!important}}@media (max-width:600px){#us_post_list_c72a{--columns:1!important}}.layout_blog_1 .w-grid-item-h{}.layout_blog_1 .usg_post_image_1{margin-bottom:0.5rem!important}.layout_blog_1 .usg_post_title_1{font-size:1rem!important}<\/style><div class=\"w-grid-list\">\t<article class=\"w-grid-item size_1x1 post-878 us_portfolio type-us_portfolio status-publish has-post-thumbnail hentry us_portfolio_category-muelloffensive us_portfolio_category-projekte\" data-id=\"878\">\r\n\t\t<div class=\"w-grid-item-h\">\r\n\t\t\t\t\t\t<div class=\"w-post-elm post_image usg_post_image_1 stretched\"><a href=\"https:\/\/www.zuhause-in-wersten.de\/index.php\/portfolio\/muell-offensive-neue-banner\/\" aria-label=\"M\u00fcll-Offensive: neue Banner mit QR-Codes zur &#8218;D\u00fcsseldorf-bleibt-sauber-App&#8216;\"><img loading=\"lazy\" decoding=\"async\" width=\"1000\" height=\"570\" src=\"https:\/\/www.zuhause-in-wersten.de\/wp-content\/uploads\/2025\/09\/250909_Banner-182-104_f91x52_Vistaprint-red-1024x584.jpg\" class=\"attachment-large size-large wp-post-image\" alt=\"\" srcset=\"https:\/\/www.zuhause-in-wersten.de\/wp-content\/uploads\/2025\/09\/250909_Banner-182-104_f91x52_Vistaprint-red-1024x584.jpg 1024w, https:\/\/www.zuhause-in-wersten.de\/wp-content\/uploads\/2025\/09\/250909_Banner-182-104_f91x52_Vistaprint-red-300x171.jpg 300w\" sizes=\"auto, (max-width: 1000px) 100vw, 1000px\" \/><\/a><\/div><h2 class=\"w-post-elm post_title usg_post_title_1 entry-title color_link_inherit\"><a href=\"https:\/\/www.zuhause-in-wersten.de\/index.php\/portfolio\/muell-offensive-neue-banner\/\">M\u00fcll-Offensive: neue Banner mit QR-Codes zur &#8218;D\u00fcsseldorf-bleibt-sauber-App&#8216;<\/a><\/h2>\t\t<\/div>\r\n\t\t\t<\/article>\r\n\t<article class=\"w-grid-item size_1x1 post-1086 us_portfolio type-us_portfolio status-publish has-post-thumbnail hentry us_portfolio_category-muelloffensive us_portfolio_category-projekte\" data-id=\"1086\">\r\n\t\t<div class=\"w-grid-item-h\">\r\n\t\t\t\t\t\t<div class=\"w-post-elm post_image usg_post_image_1 stretched\"><a href=\"https:\/\/www.zuhause-in-wersten.de\/index.php\/portfolio\/vorlage-2\/\" aria-label=\"Quartierssauberkeit: Aufr\u00e4umaktion Spielplatz K\u00fcppersteger Stra\u00dfe\"><img loading=\"lazy\" decoding=\"async\" width=\"1000\" height=\"750\" src=\"https:\/\/www.zuhause-in-wersten.de\/wp-content\/uploads\/2025\/05\/250604-Be_1-web-1024x768.jpg\" class=\"attachment-large size-large wp-post-image\" alt=\"\" srcset=\"https:\/\/www.zuhause-in-wersten.de\/wp-content\/uploads\/2025\/05\/250604-Be_1-web-1024x768.jpg 1024w, https:\/\/www.zuhause-in-wersten.de\/wp-content\/uploads\/2025\/05\/250604-Be_1-web-300x225.jpg 300w, https:\/\/www.zuhause-in-wersten.de\/wp-content\/uploads\/2025\/05\/250604-Be_1-web.jpg 1600w\" sizes=\"auto, (max-width: 1000px) 100vw, 1000px\" \/><\/a><\/div><h2 class=\"w-post-elm post_title usg_post_title_1 entry-title color_link_inherit\"><a href=\"https:\/\/www.zuhause-in-wersten.de\/index.php\/portfolio\/vorlage-2\/\">Quartierssauberkeit: Aufr\u00e4umaktion Spielplatz K\u00fcppersteger Stra\u00dfe<\/a><\/h2>\t\t<\/div>\r\n\t\t\t<\/article>\r\n\t<article class=\"w-grid-item size_1x1 post-1421 us_portfolio type-us_portfolio status-publish has-post-thumbnail hentry us_portfolio_category-muelloffensive us_portfolio_category-projekte\" data-id=\"1421\">\r\n\t\t<div class=\"w-grid-item-h\">\r\n\t\t\t\t\t\t<div class=\"w-post-elm post_image usg_post_image_1 stretched\"><a href=\"https:\/\/www.zuhause-in-wersten.de\/index.php\/portfolio\/sperrmuell-aufkleber\/\" aria-label=\"Sperrm\u00fcll-Aufkleber: Kinder als Akteure\"><img loading=\"lazy\" decoding=\"async\" width=\"960\" height=\"720\" src=\"https:\/\/www.zuhause-in-wersten.de\/wp-content\/uploads\/2025\/12\/251209_BeispielAufkleber-red.jpg\" class=\"attachment-large size-large wp-post-image\" alt=\"\" srcset=\"https:\/\/www.zuhause-in-wersten.de\/wp-content\/uploads\/2025\/12\/251209_BeispielAufkleber-red.jpg 960w, https:\/\/www.zuhause-in-wersten.de\/wp-content\/uploads\/2025\/12\/251209_BeispielAufkleber-red-300x225.jpg 300w\" sizes=\"auto, (max-width: 960px) 100vw, 960px\" \/><\/a><\/div><h2 class=\"w-post-elm post_title usg_post_title_1 entry-title color_link_inherit\"><a href=\"https:\/\/www.zuhause-in-wersten.de\/index.php\/portfolio\/sperrmuell-aufkleber\/\">Sperrm\u00fcll-Aufkleber: Kinder als Akteure<\/a><\/h2>\t\t<\/div>\r\n\t\t\t<\/article>\r\n\t<article class=\"w-grid-item size_1x1 post-115 us_portfolio type-us_portfolio status-publish has-post-thumbnail hentry us_portfolio_category-buergerbeteiligung us_portfolio_category-muelloffensive us_portfolio_category-projekte\" data-id=\"115\">\r\n\t\t<div class=\"w-grid-item-h\">\r\n\t\t\t\t\t\t<div class=\"w-post-elm post_image usg_post_image_1 stretched\"><a href=\"https:\/\/www.zuhause-in-wersten.de\/index.php\/portfolio\/dreck-weg-tag\/\" aria-label=\"Dreck-Weg-Tag\"><img loading=\"lazy\" decoding=\"async\" width=\"1000\" height=\"563\" src=\"https:\/\/www.zuhause-in-wersten.de\/wp-content\/uploads\/2024\/04\/02_DreckWegTag_Wersten-1024x576-1.jpg\" class=\"attachment-large size-large wp-post-image\" alt=\"\" srcset=\"https:\/\/www.zuhause-in-wersten.de\/wp-content\/uploads\/2024\/04\/02_DreckWegTag_Wersten-1024x576-1.jpg 1024w, https:\/\/www.zuhause-in-wersten.de\/wp-content\/uploads\/2024\/04\/02_DreckWegTag_Wersten-1024x576-1-300x169.jpg 300w\" sizes=\"auto, (max-width: 1000px) 100vw, 1000px\" \/><\/a><\/div><h2 class=\"w-post-elm post_title usg_post_title_1 entry-title color_link_inherit\"><a href=\"https:\/\/www.zuhause-in-wersten.de\/index.php\/portfolio\/dreck-weg-tag\/\">Dreck-Weg-Tag<\/a><\/h2>\t\t<\/div>\r\n\t\t\t<\/article>\r\n\t<article class=\"w-grid-item size_1x1 post-165 us_portfolio type-us_portfolio status-publish has-post-thumbnail hentry us_portfolio_category-muelloffensive us_portfolio_category-projekte\" data-id=\"165\">\r\n\t\t<div class=\"w-grid-item-h\">\r\n\t\t\t\t\t\t<div class=\"w-post-elm post_image usg_post_image_1 stretched\"><a href=\"https:\/\/www.zuhause-in-wersten.de\/index.php\/portfolio\/bienenblumen-statt-sperrmuell\/\" aria-label=\"Bienenblumen statt Sperrm\u00fcll\"><img loading=\"lazy\" decoding=\"async\" width=\"1000\" height=\"712\" src=\"https:\/\/www.zuhause-in-wersten.de\/wp-content\/uploads\/2024\/04\/200720_2Vorschlag-freigest-mStempel-bearb2-1500-1024x729-1.jpg\" class=\"attachment-large size-large wp-post-image\" alt=\"\" srcset=\"https:\/\/www.zuhause-in-wersten.de\/wp-content\/uploads\/2024\/04\/200720_2Vorschlag-freigest-mStempel-bearb2-1500-1024x729-1.jpg 1024w, https:\/\/www.zuhause-in-wersten.de\/wp-content\/uploads\/2024\/04\/200720_2Vorschlag-freigest-mStempel-bearb2-1500-1024x729-1-300x214.jpg 300w\" sizes=\"auto, (max-width: 1000px) 100vw, 1000px\" \/><\/a><\/div><h2 class=\"w-post-elm post_title usg_post_title_1 entry-title color_link_inherit\"><a href=\"https:\/\/www.zuhause-in-wersten.de\/index.php\/portfolio\/bienenblumen-statt-sperrmuell\/\">Bienenblumen statt Sperrm\u00fcll<\/a><\/h2>\t\t<\/div>\r\n\t\t\t<\/article>\r\n\t<article class=\"w-grid-item size_1x1 post-716 us_portfolio type-us_portfolio status-publish has-post-thumbnail hentry us_portfolio_category-muelloffensive us_portfolio_category-projekte\" data-id=\"716\">\r\n\t\t<div class=\"w-grid-item-h\">\r\n\t\t\t\t\t\t<div class=\"w-post-elm post_image usg_post_image_1 stretched\"><a href=\"https:\/\/www.zuhause-in-wersten.de\/index.php\/portfolio\/716\/\" aria-label=\"Sp\u00e4tsommer-Flohmarkt\"><img loading=\"lazy\" decoding=\"async\" width=\"1000\" height=\"715\" src=\"https:\/\/www.zuhause-in-wersten.de\/wp-content\/uploads\/2024\/10\/240823_Einladg_10.8x15.1-red-web1600-1024x732.jpg\" class=\"attachment-large size-large wp-post-image\" alt=\"\" srcset=\"https:\/\/www.zuhause-in-wersten.de\/wp-content\/uploads\/2024\/10\/240823_Einladg_10.8x15.1-red-web1600-1024x732.jpg 1024w, https:\/\/www.zuhause-in-wersten.de\/wp-content\/uploads\/2024\/10\/240823_Einladg_10.8x15.1-red-web1600-300x215.jpg 300w, https:\/\/www.zuhause-in-wersten.de\/wp-content\/uploads\/2024\/10\/240823_Einladg_10.8x15.1-red-web1600.jpg 1600w\" sizes=\"auto, (max-width: 1000px) 100vw, 1000px\" \/><\/a><\/div><h2 class=\"w-post-elm post_title usg_post_title_1 entry-title color_link_inherit\"><a href=\"https:\/\/www.zuhause-in-wersten.de\/index.php\/portfolio\/716\/\">Sp\u00e4tsommer-Flohmarkt<\/a><\/h2>\t\t<\/div>\r\n\t\t\t<\/article>\r\n\t<article class=\"w-grid-item size_1x1 post-294 us_portfolio type-us_portfolio status-publish has-post-thumbnail hentry us_portfolio_category-buergerbeteiligung us_portfolio_category-muelloffensive us_portfolio_category-projekte\" data-id=\"294\">\r\n\t\t<div class=\"w-grid-item-h\">\r\n\t\t\t\t\t\t<div class=\"w-post-elm post_image usg_post_image_1 stretched\"><a href=\"https:\/\/www.zuhause-in-wersten.de\/index.php\/portfolio\/fruehlingsflohmarkt\/\" aria-label=\"Fr\u00fchlingsflohmarkt\"><img loading=\"lazy\" decoding=\"async\" width=\"1000\" height=\"750\" src=\"https:\/\/www.zuhause-in-wersten.de\/wp-content\/uploads\/2024\/05\/06_FruehlingsFlohmarkt-1024x768.jpg\" class=\"attachment-large size-large wp-post-image\" alt=\"\" srcset=\"https:\/\/www.zuhause-in-wersten.de\/wp-content\/uploads\/2024\/05\/06_FruehlingsFlohmarkt-1024x768.jpg 1024w, https:\/\/www.zuhause-in-wersten.de\/wp-content\/uploads\/2024\/05\/06_FruehlingsFlohmarkt-300x225.jpg 300w, https:\/\/www.zuhause-in-wersten.de\/wp-content\/uploads\/2024\/05\/06_FruehlingsFlohmarkt.jpg 1600w\" sizes=\"auto, (max-width: 1000px) 100vw, 1000px\" \/><\/a><\/div><h2 class=\"w-post-elm post_title usg_post_title_1 entry-title color_link_inherit\"><a href=\"https:\/\/www.zuhause-in-wersten.de\/index.php\/portfolio\/fruehlingsflohmarkt\/\">Fr\u00fchlingsflohmarkt<\/a><\/h2>\t\t<\/div>\r\n\t\t\t<\/article>\r\n\t<article class=\"w-grid-item size_1x1 post-537 us_portfolio type-us_portfolio status-publish has-post-thumbnail hentry us_portfolio_category-muelloffensive us_portfolio_category-projekte\" data-id=\"537\">\r\n\t\t<div class=\"w-grid-item-h\">\r\n\t\t\t\t\t\t<div class=\"w-post-elm post_image usg_post_image_1 stretched\"><a href=\"https:\/\/www.zuhause-in-wersten.de\/index.php\/portfolio\/muelloffensive-in-wersten\/\" aria-label=\"M\u00fclloffensive in Wersten\"><img loading=\"lazy\" decoding=\"async\" width=\"1000\" height=\"716\" src=\"https:\/\/www.zuhause-in-wersten.de\/wp-content\/uploads\/2024\/07\/240724_Grafik-Muelloffensive-web-1024x733.jpg\" class=\"attachment-large size-large wp-post-image\" alt=\"\" srcset=\"https:\/\/www.zuhause-in-wersten.de\/wp-content\/uploads\/2024\/07\/240724_Grafik-Muelloffensive-web-1024x733.jpg 1024w, https:\/\/www.zuhause-in-wersten.de\/wp-content\/uploads\/2024\/07\/240724_Grafik-Muelloffensive-web-300x215.jpg 300w, https:\/\/www.zuhause-in-wersten.de\/wp-content\/uploads\/2024\/07\/240724_Grafik-Muelloffensive-web.jpg 1600w\" sizes=\"auto, (max-width: 1000px) 100vw, 1000px\" \/><\/a><\/div><h2 class=\"w-post-elm post_title usg_post_title_1 entry-title color_link_inherit\"><a href=\"https:\/\/www.zuhause-in-wersten.de\/index.php\/portfolio\/muelloffensive-in-wersten\/\">M\u00fclloffensive in Wersten<\/a><\/h2>\t\t<\/div>\r\n\t\t\t<\/article>\r\n\t<article class=\"w-grid-item size_1x1 post-798 us_portfolio type-us_portfolio status-publish has-post-thumbnail hentry us_portfolio_category-muelloffensive us_portfolio_category-projekte\" data-id=\"798\">\r\n\t\t<div class=\"w-grid-item-h\">\r\n\t\t\t\t\t\t<div class=\"w-post-elm post_image usg_post_image_1 stretched\"><a href=\"https:\/\/www.zuhause-in-wersten.de\/index.php\/portfolio\/gartenprojekt-werstener-feld\/\" aria-label=\"Saisonauftakt Quartierssauberkeit: Gartenprojekt Werstener Feld\"><img loading=\"lazy\" decoding=\"async\" width=\"1000\" height=\"750\" src=\"https:\/\/www.zuhause-in-wersten.de\/wp-content\/uploads\/2025\/03\/250603-Be_1-web-1024x768.jpg\" class=\"attachment-large size-large wp-post-image\" alt=\"\" srcset=\"https:\/\/www.zuhause-in-wersten.de\/wp-content\/uploads\/2025\/03\/250603-Be_1-web-1024x768.jpg 1024w, https:\/\/www.zuhause-in-wersten.de\/wp-content\/uploads\/2025\/03\/250603-Be_1-web-300x225.jpg 300w, https:\/\/www.zuhause-in-wersten.de\/wp-content\/uploads\/2025\/03\/250603-Be_1-web.jpg 1600w\" sizes=\"auto, (max-width: 1000px) 100vw, 1000px\" \/><\/a><\/div><h2 class=\"w-post-elm post_title usg_post_title_1 entry-title color_link_inherit\"><a href=\"https:\/\/www.zuhause-in-wersten.de\/index.php\/portfolio\/gartenprojekt-werstener-feld\/\">Saisonauftakt Quartierssauberkeit: Gartenprojekt Werstener Feld<\/a><\/h2>\t\t<\/div>\r\n\t\t\t<\/article>\r\n\t<article class=\"w-grid-item size_1x1 post-1425 us_portfolio type-us_portfolio status-publish has-post-thumbnail hentry us_portfolio_category-muelloffensive us_portfolio_category-projekte\" data-id=\"1425\">\r\n\t\t<div class=\"w-grid-item-h\">\r\n\t\t\t\t\t\t<div class=\"w-post-elm post_image usg_post_image_1 stretched\"><a href=\"https:\/\/www.zuhause-in-wersten.de\/index.php\/portfolio\/sperrmuell-aufkleber-quartierssauberkeits-app\/\" aria-label=\"Sperrm\u00fcll-Aufkleber &#8218;Quartierssauberkeits-App&#8216;\"><img loading=\"lazy\" decoding=\"async\" width=\"925\" height=\"638\" src=\"https:\/\/www.zuhause-in-wersten.de\/wp-content\/uploads\/2026\/01\/Folie-31-e1776060611794.jpg\" class=\"attachment-large size-large wp-post-image\" alt=\"\" srcset=\"https:\/\/www.zuhause-in-wersten.de\/wp-content\/uploads\/2026\/01\/Folie-31-e1776060611794.jpg 925w, https:\/\/www.zuhause-in-wersten.de\/wp-content\/uploads\/2026\/01\/Folie-31-e1776060611794-300x207.jpg 300w\" sizes=\"auto, (max-width: 925px) 100vw, 925px\" \/><\/a><\/div><h2 class=\"w-post-elm post_title usg_post_title_1 entry-title color_link_inherit\"><a href=\"https:\/\/www.zuhause-in-wersten.de\/index.php\/portfolio\/sperrmuell-aufkleber-quartierssauberkeits-app\/\">Sperrm\u00fcll-Aufkleber &#8218;Quartierssauberkeits-App&#8216;<\/a><\/h2>\t\t<\/div>\r\n\t\t\t<\/article>\r\n<\/div><div class=\"g-loadmore hidden\"><div class=\"g-preloader type_1\"><div><\/div><\/div><\/div><div class=\"w-grid-list-json hidden\" onclick='return {&quot;max_num_pages&quot;:0,&quot;paginationBase&quot;:&quot;page&quot;,&quot;pagination&quot;:&quot;none&quot;,&quot;paged&quot;:1,&quot;ajaxData&quot;:{&quot;action&quot;:&quot;us_ajax_post_list&quot;,&quot;meta_type&quot;:&quot;post&quot;,&quot;object_id&quot;:0,&quot;template_vars&quot;:{&quot;shortcode_base&quot;:&quot;us_post_list&quot;,&quot;paged&quot;:1,&quot;max_num_pages&quot;:0,&quot;no_results&quot;:false,&quot;us_post_content_design_css&quot;:[],&quot;found_posts&quot;:0,&quot;per_page&quot;:999,&quot;items_count&quot;:10,&quot;orderby_random_seed&quot;:null,&quot;source&quot;:&quot;all&quot;,&quot;ids&quot;:&quot;&quot;,&quot;post_type&quot;:&quot;us_portfolio&quot;,&quot;attachment_ids&quot;:null,&quot;include_post_thumbnail&quot;:0,&quot;post_author&quot;:&quot;any&quot;,&quot;post_author_ids&quot;:&quot;&quot;,&quot;apply_url_params&quot;:0,&quot;ignore_sticky_posts&quot;:1,&quot;exclude_children&quot;:0,&quot;exclude_current_post&quot;:&quot;0&quot;,&quot;exclude_prev_posts&quot;:0,&quot;exclude_past_events&quot;:0,&quot;enable_items_offset&quot;:0,&quot;items_offset&quot;:&quot;1&quot;,&quot;tax_query_relation&quot;:&quot;AND&quot;,&quot;tax_query&quot;:&quot;%5B%7B%22operator%22%3A%22IN%22%2C%22taxonomy%22%3A%22us_portfolio_category%22%2C%22terms%22%3A%229%22%2C%22include_children%22%3A%220%22%7D%5D&quot;,&quot;meta_query_relation&quot;:&quot;none&quot;,&quot;meta_query&quot;:[{&quot;key&quot;:&quot;custom_field_name&quot;,&quot;compare&quot;:&quot;=&quot;,&quot;value&quot;:&quot;&quot;}],&quot;orderby&quot;:&quot;modified&quot;,&quot;orderby_custom_field&quot;:&quot;&quot;,&quot;orderby_custom_type&quot;:0,&quot;order_invert&quot;:0,&quot;show_all&quot;:&quot;1&quot;,&quot;quantity&quot;:&quot;12&quot;,&quot;posts_per_archive_page&quot;:0,&quot;no_items_action&quot;:&quot;message&quot;,&quot;no_items_message&quot;:&quot;Es wurden keine Ergebnisse gefunden.&quot;,&quot;no_items_page_block&quot;:&quot;&quot;,&quot;pagination&quot;:&quot;none&quot;,&quot;pagination_style&quot;:&quot;&quot;,&quot;pagination_btn_text&quot;:&quot;Mehr laden&quot;,&quot;pagination_btn_size&quot;:&quot;&quot;,&quot;pagination_btn_style&quot;:&quot;1&quot;,&quot;pagination_btn_fullwidth&quot;:0,&quot;items_layout&quot;:&quot;blog_1&quot;,&quot;type&quot;:&quot;masonry&quot;,&quot;items_valign&quot;:0,&quot;ignore_items_size&quot;:0,&quot;columns&quot;:&quot;3&quot;,&quot;items_gap&quot;:&quot;1.5rem&quot;,&quot;load_animation&quot;:&quot;none&quot;,&quot;items_preload_style&quot;:&quot;spinner&quot;,&quot;img_size&quot;:&quot;default&quot;,&quot;title_size&quot;:&quot;&quot;,&quot;items_ratio&quot;:&quot;default&quot;,&quot;items_ratio_width&quot;:&quot;21&quot;,&quot;items_ratio_height&quot;:&quot;9&quot;,&quot;overriding_link&quot;:&quot;%7B%22url%22%3A%22%22%7D&quot;,&quot;popup_page_template&quot;:&quot;0&quot;,&quot;popup_width&quot;:&quot;&quot;,&quot;popup_arrows&quot;:1,&quot;breakpoint_1_width&quot;:&quot;1381px&quot;,&quot;breakpoint_1_cols&quot;:&quot;default&quot;,&quot;breakpoint_1_quantity&quot;:&quot;&quot;,&quot;breakpoint_1_gap&quot;:&quot;&quot;,&quot;breakpoint_2_width&quot;:&quot;1025px&quot;,&quot;breakpoint_2_cols&quot;:&quot;2&quot;,&quot;breakpoint_2_quantity&quot;:&quot;&quot;,&quot;breakpoint_2_gap&quot;:&quot;&quot;,&quot;breakpoint_3_width&quot;:&quot;601px&quot;,&quot;breakpoint_3_cols&quot;:&quot;1&quot;,&quot;breakpoint_3_quantity&quot;:&quot;&quot;,&quot;breakpoint_3_gap&quot;:&quot;&quot;,&quot;conditions_operator&quot;:&quot;always&quot;,&quot;conditions&quot;:[],&quot;css&quot;:null,&quot;el_class&quot;:&quot;&quot;,&quot;el_id&quot;:&quot;&quot;,&quot;enable_custom_html_atts&quot;:0,&quot;custom_html_atts&quot;:null,&quot;hide_on_states&quot;:&quot;&quot;,&quot;hide_for_sticky&quot;:0,&quot;hide_for_not_sticky&quot;:0,&quot;hide_below&quot;:&quot;0px&quot;,&quot;hide_above&quot;:&quot;0px&quot;,&quot;classes&quot;:&quot;&quot;},&quot;found_posts&quot;:0,&quot;per_page&quot;:999},&quot;facetedFilter&quot;:[]}'><\/div><\/div><\/div><\/div><\/div><\/div><\/div><\/section>\n","protected":false},"excerpt":{"rendered":"Sperrm\u00fcll-Aufkleber &#8218;Quartierssauberkeits-App&#8216;Ein neues Instrument aus unserem Werkzeugkasten f\u00fcr mehr Quartierssauberkeit: wir platzieren Aufkleber direkt auf dem Sperrm\u00fcll. Erg\u00e4nzend zu unseren Bannern und Karten weisen wir mit ihnen auf die Quartierssauberkeits-App hin.","protected":false},"author":3,"featured_media":0,"parent":0,"menu_order":0,"comment_status":"closed","ping_status":"closed","template":"","meta":{"footnotes":""},"class_list":["post-89","page","type-page","status-publish","hentry"],"_links":{"self":[{"href":"https:\/\/www.zuhause-in-wersten.de\/index.php\/wp-json\/wp\/v2\/pages\/89","targetHints":{"allow":["GET"]}}],"collection":[{"href":"https:\/\/www.zuhause-in-wersten.de\/index.php\/wp-json\/wp\/v2\/pages"}],"about":[{"href":"https:\/\/www.zuhause-in-wersten.de\/index.php\/wp-json\/wp\/v2\/types\/page"}],"author":[{"embeddable":true,"href":"https:\/\/www.zuhause-in-wersten.de\/index.php\/wp-json\/wp\/v2\/users\/3"}],"replies":[{"embeddable":true,"href":"https:\/\/www.zuhause-in-wersten.de\/index.php\/wp-json\/wp\/v2\/comments?post=89"}],"version-history":[{"count":5,"href":"https:\/\/www.zuhause-in-wersten.de\/index.php\/wp-json\/wp\/v2\/pages\/89\/revisions"}],"predecessor-version":[{"id":1535,"href":"https:\/\/www.zuhause-in-wersten.de\/index.php\/wp-json\/wp\/v2\/pages\/89\/revisions\/1535"}],"wp:attachment":[{"href":"https:\/\/www.zuhause-in-wersten.de\/index.php\/wp-json\/wp\/v2\/media?parent=89"}],"curies":[{"name":"wp","href":"https:\/\/api.w.org\/{rel}","templated":true}]}}